{"id":75,"date":"2026-02-20T14:07:40","date_gmt":"2026-02-20T13:07:40","guid":{"rendered":"https:\/\/ibuicas.iesfuente.com\/?page_id=75"},"modified":"2026-03-04T23:50:47","modified_gmt":"2026-03-04T22:50:47","slug":"mitologia","status":"publish","type":"page","link":"https:\/\/ibuicas.iesfuente.com\/?page_id=75","title":{"rendered":"Mitolog\u00eda"},"content":{"rendered":"\n<p class=\"has-black-color has-text-color has-link-color wp-elements-30e0f46f7814eba247bb9b258bab4240\">El origen se situa en el mism\u00edsimo inicio del orden c\u00f3smico. Se dec\u00eda que los primeros juegos se celebraron cuando\u00a0<strong>Zeus luch\u00f3 contra su padre Crono<\/strong>\u00a0por el control del universo en el propio lugar de Olimpia. Al vencerlo, Zeus habr\u00eda instaurado la competici\u00f3n para conmemorar su ascenso como rey de los dioses.<\/p>\n\n\n<div class=\"wp-block-image\">\n<figure class=\"aligncenter size-large\"><img decoding=\"async\" src=\"data:image\/jpeg;base64,\/9j\/4AAQSkZJRgABAQAAAQABAAD\/2wCEAAkGBxMTEhUTExMWFhUXGBgbGBcYFxsYGhsdGR0YGBgbFxgaHSgiGBolGxoYITEhJSkrLi4uGB8zODMtNygtLisBCgoKDg0OGhAQGy0lHyUtLS0tLS0tLS0tLS0tLS0tLS0tLS0tLS0tLS0tLS0tLS0tLS0tLS0tLS0tLS0tLS0tLf\/AABEIAQMAwgMBIgACEQEDEQH\/xAAbAAACAgMBAAAAAAAAAAAAAAAEBQMGAAECB\/\/EAEgQAAEDAgMEBwUECAQFBAMAAAEAAhEDIQQSMQVBUWEGcYGRobHBEyIy0fAUQoLhByNDUmJysvEzksLSFSRjc4Oio8PiFjRT\/8QAGAEAAwEBAAAAAAAAAAAAAAAAAAECAwT\/xAAiEQEBAAICAwACAwEAAAAAAAAAAQIREiEDMUEyURMiYYH\/2gAMAwEAAhEDEQA\/APVWi3fz6ls3679sqkjpNiAfiBHMD1CmZ0sqxdjD2fIhZfzRXFbHNvc8PktW7PrVVpvS\/wDepdxj5qZnS2kdWOHbPoFU8uJXE\/qMiFV\/0gu92j\/NU8mJi3pNhjqXDrA\/3JL0t2pTrexFI5rvmxmTkyx1wUs8plj0JNBehYjFc8j\/ACV3cfe3\/Q4qk9EnBmKOc5QKbgS8xcxx07Vdw9rvhe0g8CD5J+G6gyjOXp6rXBS5HQuAziJ81ttLqpr2LgfUfNd1DOgP19BcNAi+7mib0L7Y75XVN6e0v1tJ3\/TI7nE+quLhzsFVun4tQP8A3B\/R81j5\/wAVYp\/0du\/VV2\/9Se9gHorLIgcSJuYiOBVV\/Ry69cf9s95cFZq9UMY57\/hbcmCYHZ2p+P8AEVJE7pBkQfqCq5tjowHe\/h\/dd+5MAn+E\/dPLTqTzZ2OZWYXsnLJAt2z1GZ7UW1vO\/VzhFkymxLZ1VL2ftN7DkrggzExEcnjd1qx0asqXaWymVxf3XgWd8+LfrkUFAvw7vZ1BA7+1p3jl\/Zc2e8Gsq0UHkFTbQvReRa3cTaUDhKwIBmQeHmE1oMBEG4I7wqxopX0c2WP8Qiw+HmePUN3fwVmXNNoAAHYF0t5NMrdtZBwWJa\/b1EEidDy+a0jlBqhPsgd97N1vz\/1NKgqbGadWNP8A46fmAChTsxsTlHXDQsGAjSewu\/0lPRtVOj1I60mdzx\/S\/wBENU6MUv3COpzx\/U1yL9hUGj6n+Z3rKwPqj9q7tLT5tS4z9QbLK\/RSmZu4fjYfDKFNsPYIw9X2gLn2IjI207wQ\/Xs3lMG4mv8Avg\/hB8iF0cXW3tYfwn\/cUTGfobL+k2yziCwt90tmS5r5MxA91p0g96Ru6P1ho9h\/E4f1AK2DHO30mdhI\/wBK6G0eNM9j\/nCLjCU5uzsW34f\/AE1GHycp6VXHt1FaOpzh36K1\/bmHVj+5rvUrPbUOBHXTPoEcYFZxO3MTTME2\/iYPULdPpXV3tYesH0IVnFaluqgfic3zcsdhqb\/vMd1lj\/NpRr\/QSU+k8\/FSHY6Pml\/SPG\/axSp0WEvzH3ZG8X4cFZ3bDpn9m3\/K0f0lq4w2w2UqgqMYGuE6F++xmS5TcbZo4rvRVjsJXqDEA08zGxN5hxIiJnforHj8RTqUarGVGy9j2jNLRLgQLkWus2zsz7QGh8tyzEEb41zNHDikzeizgfdqHqLB5tefJElxmoHf6PaJbhyS5pLnmwtYAC4JJ1lWxtMDUEfUrz7YezX1KAc0jUi5cNDyEJg2jimfDH4ajfIEFThnZjOjyna4m\/11KDG4JlVuR\/4XaEcx8kgw+Oxjfia+OJBPiQQjaG3XaOA7RHlCV8mP2CQBRpVMNUyPu03BGnWPUKzYGrpw+roPFY1lemWlozfdi0HdCiFN+HLQ\/wCFxhpnQ8Csd6u8fSoszOKr\/STa0fqaZufiPDl9fNSbR2xkp5W\/GfAcVVMXXyWF6jrz+7O88+AXRc9zopiw4Ru\/JO+TftvqtJWaDd8E8yZ7eaxLal6o7VokWqsP4h+Smp4ph+80\/ib\/ALl567DMOrAewLn7HS1ytHYl\/N\/jPT0emRujs\/JdNEHTz+S83bTbaHEdTnfNTU3O3Pf\/AJnfNP8AlgX8tE38TPmVo02zoO4fLqVIbiq26vUHb+S5ftbFA\/47j1gH0TnlgXp1ETy5T6Lh9AdXXPqVSxtzFD77T102rpnSfEjdTP4SPJyrnCXF+GH1HPkuXYMblVW9Lq2+lTP43oun0rdoaE8muB8wj+TH9no9dgo4+Xqo37PG8A9k+iAp9JgR\/gVefw27iF03pTQ0IqN\/8ZPkSnzn7Ar\/AIeBujqhvkQuhh3jR7x1OcfUqGn0kwx\/aR1tcP8ATyRNPbGHdYVqZ\/EPIwjcDU1h+0d2hp82ytjFVuLHdbPk5TsxDCLOaeot5cCeCke9sAuMCQLk8oEmL6o2Fb6H4pzMOAGBwzuvmLT4Ap5\/xEfepu7HB39RCrHRTaDWMDHFuVznXkZmnnO4200VudRHDz587KPHf6xWU7D\/AGujva4f+OfFgW\/tNE\/tgORc5v8AUV0\/Ct+o+Shfggfrr59a0SlFBjvhcw9WQ+QB8Vm0s72gPDXAEOFiLiYmHGUtr7OB+6PM+RQj8KW6Zh+It9Qp4w3OMrlkudd50B8zyHiUtpUS4km8m5P1\/ZT1aJLryZiSb+JUO0tosw7JJ10A1JOkfX5xl1Vwe0MjRYqcdo4g3ztE7ssxymbrFnzn7GzuoUOQN8ruZ0Kjf2fXapQ1PDqUjXQF02j1LqpROluGqCQtqlR1XSp2c2x9QuasC5Gg3QUaAcc5hTNETNvzQlLadKo\/I2ZiZtawcJAMgQReImAiHD6hMN0GS4BGVcUGgBrTJgRB3xfMBfsUGBeWlzgLhpjvExO+JXWHa+pVbMZm335bwtPFj9p2jBhcR7MkBsRoXEuI1370Iwsqszgy4WeIgg\/xNOhT9tWoGlstJzR+GOA3pAw\/rquokiALG7d464WmWMyg9VEGhb9m12saaFd0qV1MMPvXJDoP2LQbCOxS1aUsIzRzkwOxH1KI3KMUgQWkWNkt2U4Q7Frio51IPqgsI+IgsNpLQ2LTqCZVvbicQNK5P8zGn0CpezKGWs1\/3TBcf5SfRXykxui0uVkmj132hG18SNTTcRyLfIqZu16+posMD7r\/APcLLipQaXDqulu08ZbKJDdOZ60TyZJskEu6WtB96jUHa1w8CuP\/AMrw95Lx1sIjulVurTzXuEEBrOi051Kx7T6S4cNL21GvIBGUfEZiLEDgqfWrurONR5vuG5o4D5qDF0bHqkKTDfCo8mX0S7HtrmAsS89a0s9w9rTS0XYaoA46TdbdUABJK0sLY5jt63O8oJuJabTfcpm6ao0W22O1NlHWdIc3i0jvUbgB5KNrve7FNhq\/0bxVNlF73GHZmsJi5gNawHxCc0cWHDMDIJPhb0VTrfq8RWpObmY4gwNbkPHXuTzZ+IDm5Gz7kNvr2hVZ9UdYN8nNBgW7e3h8ky2TWb77hLjP9MTfSbpbQwj20wHZby4BwdPXE7gJQnR+rUY17phhe4yRlBG62szMcitsJrEvqyikG1fa5xJmRlHwwYAIEk6bzN0FjYbXkVCMwmJ1IiZ42IWU8cyTpaIGoBMyYy2N+KV4\/aRdUH\/82ky4gkGQJ0FgI15rSJpsCAUSxw3z3pWK95lTtrrgvTUe7kT9daizqEYhRPxEDrSk2C\/AXjrVgoYh1hokmxmXHWPFWjCYRhPvaLa\/jiX2oH4gwQN+p5cknxlQFWXaezqbWgseTJ7hrBVWxrOHFLWk1DUI4mPrklTn69aOqvjqOqAcOXqE0hsQZsYjihqJgctEY9w3+SBc8B311hRmI79kOAWKYH6lYo3VLcXTdYabd4HVAQzZAtwRFJ8i66skRxVptj4RpayEL4RlSIMoKpWvOqU9CpWkHrWnAXt5rllW91y\/EiSNBKNBXNq1w7E5QAHARPV71zc67kV0VrE4gNLSCSA5w096Q0zzMC\/qEn23UAxLXNG8TzPPncXVl6B0GFtfEVAC1rmNaDMtcwh88AJLe4o1url6XEYBszEuG83PYSuxQAEWjgRZSYaqHQRvRhpGETaroifs2mDIYO3SeSEOFLCS0CTHVZWF2HN9O5D1aGqu5UtR5wMRUDbuItDrzDmmCQe2YP7hRNLaD7OcdPde3db7w4bj1FZtWkA6qIsC49Wdpn65pTRxDW5szrODXchLTJncJY4ysbdr0vdHDggODpBEoTFNLTMzYpbS2jlOWHO5NkiDpEIl3tqsZGBo4vt4C60xxwkmTO270n2I8zYaZU7c4tMgHsSTYb4a7rHgE0ZX5rOeoMvbK9czeQEDWfLjJlMcSLTwQh0MGJT0nZXXMmIlCVrCIhGVIGvfukz42QOJ\/NPRB6oQFYe93fL0RxQuKpxB3myjKdCVkdaxc5DxWKelLUMQOK7bXbwS\/wCG3KymZqujKJlFvfIhBPmbAoxpXLqkBSAjJ4FRVAUfmkW\/ND1NY3SFRK9tbZlTIa7WZmyM0atuBN9BYX3TeytGxcMaODlxb+vqZ25TMAi0mLmyTdIMdWpFrST7Ez8IhsncTGttDrEoDZ+0i6oGBxy6i+hkXRPbR6LgKG8Oy8REjs4BOKGaPi8PzSTZVU5blNcKcw3hVy0WtusQTBuZ4oTFuflJBE85CNqUDHxeKCxROUg77c0W7h6ed4rEHPXLhoHyBeYayPXvSGi1zzSA4BvKWFrj3h7u5N8QcuKqg8fNrz\/oS8+4WuDrNrOOW0j3nMd+EyD2LH1aqeoZ9EnkUcv7pc0dQJA8FZMPVgKu7Bow+uAbCqY7QD6qyYel2pXH6W\/gLZVSx7PJMaUnfvBQGwWAtdP8PkmRo8JlELL2JBFxwUJEW+oXIquEmJ8lAa5ke7bRUlp9IRoI4bkoxGGc0zq3jw5dcJlXr8kJWqFwsgi9zghcU+w5H0KLeIJnhuQ+MByG3A+W7qRfRT2F9oFijELFl0tY4Om5dNcZ0Ugpu4KSk2bLssZxsVNNe5cuq308ExeA1qEdU8UY4i0M6rAsdVC93NGRN0FjjkBMWKMseilKMTXFRwbWzPaPuAw1xHw5ouQOHNEbJfRDslNgY2ZM3OpIbnN3ATaUoxmJytLrzoLITZ1FrjmdJnn9R2LPtrK9hwhGUBu6E1p0xAB815hs0Gic1Ko9p\/dzlzTyLXSFYsB0sA917TbgPT+yz+tNrlToAbyRwJlL8dh\/ejcfPqQA6XUABGcneA0lLdo9NWTFOlUc\/dmblA5k\/mE9kpXSAOoY0+00eW5TzGb0zDtS99SBUYQJeXZXTxyOgjrcnO1MU6u4mo7MRr7xaxnES2CTy5XjerxlJp\/Z1HRyaAeMA+8bW1SndF6OOjnvGo473jW18jJ8VZKevyVZ6MYumWCkHHO2ZDmlrjfW+vYrPh2BVrpnb2A2B8BP8qbudv4pT0fjITpZvkmdKqDvB6iljOjvsQ9CVmDuhEtrNtvUWIaq4p2BqxKhqHep6gQlV6NAJWpCZ3ofEtlp6j5Iis9RHRLQJwBxKxROJBIWKOMNcxXIU2D94l25okqJwsu8HVd8O7guyxnjU1SoXLh4WVBEKRtFzoIBiYmLI4laia1C9IG5cPTO9z3dzQ0eZKeVcKGs5oPpZSAwVFxIn2jgBvgtue9re8K88P61GOXbzPbOJgBv73p\/dD0sU64aYgZj1SGgDhquts0pIIM5QbAE3MIHZ74dJ\/dAPUbHt39i5ddOiLxhcUx1DMR7w3qvV9oOBOaS0\/eGo695HPXmt0Wua0jdqL2PAjkgarnTxG8THcVEk2rZth61NzfjqHqe+p3t+cqf7VlbABaJAktykngxpuSePkq57SlvJaebPVpumOz2h0PDSQDGZxvAucomwFrp3EbMPbdgYB3nSOPXxVr2Dseg9odVph7nAa3idPDeVUKFLMWNJ+OrB7DlPiJXplCllu1tuXgrwxK1TOlOyW4fEU\/ZOLSZNPfke2BE72GQOIvuiLX0aqHE4cYhsCID2nUO0cOsEJF07ok+zcQQbwevLHcQD2Kf9H+IAfUYPhxAa7LqBUBkxwkZp5s5p46mWiy9bV\/Z3R\/HYmk99BpfTYQ0j2ga4HKHWzQDqo6O06tJ4pYimWncXWnrgkG9pEr1D9E8fY6xcQBmaSSYA\/VtGp0XnXTPFsxFanTaA4UfaAvBmS4gmI1AyjrJPJRxx47VyuzjYW1hUeaZN4lvVvHZbx4JzXZbiqP0epj7XRaD94gnddpE33GR3q\/Y3DuZ1cVWPpGXssncRG5CupCEu6TbX9iAGXe43HADf1lB7O6SsdAOvNFs2JOjetEQANOCGw7ZkGI5oo1MwkaFB1afZyRogNbBguceZWI7O1YjjD2ahwKkwwuTwWsK0Ei3ajcDSEVOq1t66JO2W+j\/AKL4Bjwaj2l1wILZbxmd5+t6L28TmDWsgAaaa\/RUvRXEhtACRdx1N5t6AIvaDM75kaDet8Z32yyvXSqY+Y0PckPTitlw9EkH3Q\/3SCLwI11myuWOo3aALuIGveqT+livmq0KW4CSORdP\/wAY71Pm6xo8XeUUINggbwLnnAk95cOxLqGW5HEDwv4pniHe\/wANJ78x8HIR7YbA1Bn0+upcLrWDC\/4WhjsI68p9EmxTwCYDfEHxTTZuJaWQTHl3hLtpBpmdOIv\/AHWc9qLazyBIDGjiTJ8062dThrGk\/syXbrvItHUWpRg6tNnwNLnGwJEASY1KaVqpGctGpa1s6fFp2QFpUpcA0vbRvdz\/APWXHyC9QwTiBlJ3WXmmwf8AHoNO6YHNxefJi9LJiOPzH5Kp6ATpbQzYeY0j1HqvO6OJMPdSeWEDO0gwRmGcAEaEPDv8y9V2pRz0Ht3lh74svG9msJpkTdhdTPUSS0\/5hHapynZndHaTvs7KDnxSfkqFsC5DYDjvIEW3TB3BSU8ERTk3EiPeObsJ33EdirOOrENowJ\/VN3cJnzTvA4l5pZSRAAcDrY214624xuUZSnKPcxrIeYa4cLOaREQdQLHkj8T0nrOaG+0fUHAuOh8SVX9pY5wkZs44ugmevhN1zhL5STAjdyEmyU2aHFOLySZzQTfl5hL8XRALXsO6e2U5905HAWmCDzt3SEJj6JaNdIGnG\/onKD3YuMDqQk9XV9Sp6tWUs2J\/hSeU9n90WCtJ6ZX2k+0dXd+SxQlvUsRsj\/CVLKZlTW6Ew9YRqFw6rzWu0wyGLcBAJEToVqjtKqLlzj1mUvFYcR3rTa44iyuZ1NxhjV2m+ZLiY0VU2\/iy\/Ete4zla7+luXxJTWriBvKrWJfnqPI0sO5xJ8IS8mVs0eEmy7HiIM6O\/3AeQUFOrmHMfXapdsD9U7iC0jz9UuonMMwMG08juKx102PNnvETHcY\/I+BQmLJk5XQe78l3s2sc0ECeP9jda2jQm+5RPZ\/AOGdU9q3NBIc2TBJgHibdysOyqGdrC772Z34iA7yJVfweGcH\/FoHECeRA8SrRgXRTp\/wALwO+m1vqqzKIsQ8MxtIjQVGD\/ANo+ryvSGvzARy9V5Rtl5NSoRq2pIPMANnw8Ffui2MNaiHkwfdnxlOBbHiGcV4tRGTE1BaHNzQdDvGm+0r2WrZh4QvJtp0JbTrDc17Hf6Pl3IzOEu1v2UaZPUgLeCxmUHdfTQbtCN+vepnYfP7LdNMeZNkBVIZUc11zP5yUiHUmmvVDWmMx1jQbyR1I3O6n+qdeo2xLTLYIkZSeRGoTPAMpta2pTAaYAdv1iZ7YKVbbBbXc6NQ0246T4eCn2f1unUcBl3Zp9T437UNjKhPOSCfrqWnVvrjNvRd0qeZ4bxPgPopaPZzh6Za1scNOtSnQypakW+tFyafErRlsKagWKc4ZvJYpAr22nL+yx74Gh7FgIjrXDirJzmiOpbFUBaAkqKo2EbDVTEa8Ny42TBY8kauJ8j80JiH35KTZj\/wBQ4\/zeSWV2rEr2jQnDF3V6\/XYhei+CFQ1WnhY8LqXHbQaKZpi5IE30j1THoVR\/XVB\/CfCFXj7uhl6AvwppOh0cgTl7WO07CjqrGvb84P8ASSU+x2FEjM0GDoRKbUdiYd1EkUW6Tv8Amnn4uxjn08yxha2zSSSRPZwCbU68Yd\/J7PKn8kt2zs80nvbGht1ahM\/srvY1G731QGxyynyaoyioDxYMuLhBJceyTlPaD4FW39HWI\/UPbwcPmqxjTIvups8\/\/sO5Nf0e1YdWbuhsf5jPmEtie3puLfFInkvGNrNqU2htQltiQ3USQI01PHhC9hxT2mi5sz7pkDqK8c24Yota4+80iP4gQCSJ1uT1Si+4fwZhcOS6kR92k0\/kk+0zmeLAGbkc\/kE3rYgspsLdSxoHC4Mg3SrGgSx0b5jjGUHyKRGuzSCxzcxA4eh5\/miNvDNSp1eGv4o8iPFC7NqMDJJPvvAP4tTy1hMGYUOo+xcZMHfeZJafIqfp1Xs4kJvsCjLi\/cBlHXv+uaQtYZi+aYjfOkK5YDDBlMN3jXmTqrkTa7raXnqUDKiJr6diXlFQLz8wsQMlbSBq4ea5qKd9Bo3mw4rkUAZmYhV7Aemb9i1WZK29gFwhKz3EgTHFGhsHjBql7do5aXs2iXGZ4AHeecJhjRY9SQUPiJ4I0qIqOGv2jzVx6FCMQbbjPbCrbHAkCbyrJ0QcBiDG+T4D5K\/H+ULL1Vp2rRmOZR1HDHJAKHqvDngExw5nQBFgloJsIjxOUeKvzZf26HjnTz3brJeSeMeiBwxcGtLahBcCDMOAIJabHS0Gead9L8PkqE2Mwe9IxUb8MwJkHnABjtAN1nn3NnOmsriSHESAZO6DcR2+QR\/QupFUtixBnsIKXYhsAG3VxHJG9CqhbXLjwd4kCfrgs9Lj03GH9Q8feymO46LyParA4NEyJfcaRmMeAXrOzagd7rt95Kr+2OjGHpFz3A5Z90SYbMkxG4kzdPW6dVNjWuFJrp+Bp1A061FtDZJc33TcaDkZ+atXQvD4dzAa7GvIazLLC+LEncY3K50cZQaIY2OpmX0CuYfUbeN7Opk+4+TGg1Ezvg7k6\/4ZWqlvsqdp946dx0PDRehVamGcQTTBcN+QT+aLp7TYLBpHYPmjjNjt5u7YrqR9pUbDnaCNIgHlN9yna5P+lmP9owM9mRkOYP1EEQR3x3KuBTevSb7aqAm871C9gj812\/rUFZxCRJhSbwHesQpqhYmDgySCdLm\/dHUu6z\/Fd1Wg9iFzAgol6FQVHG6g9Sp4Q9dMh2xKDXudma10ARmAPHinVLYeHHxMYOTWj5eiVdEnDPUnl6q0mOCfppICOz8INKbuwBQ\/YKUgsaRzgC3YmjBOjfBTikNMvgjkfErwmCaHB4BLgZ+pTCqHOZliD7vvCx912bn9FH4LBWndqEYMK1PjaNyKxi9lNquzVPe67qIdGqJtkafwj5K2jDM4LssA3I439luKi3oqwCzGQf4B4rbejIHw5W23ABWhhmetbIARxG1UbSq0jD9LQ+3c4cefkmVSu14yuvYTKm2phzUaQBCrrMJXaTBN9xCWWH6VMjZuCa0S3jdsD0UgwO+IC42fReD7xJJN+A48E7Y2xtwTmFFyKfsRBW\/sbkwqUwSBwRDGCEuI5E32Rw1CQ9IdlNptFRtgXAFu68mRw0V0rmFW+llUezaDvdPcD80XHRX+3SouF4UNeQDZSOqQ48PH++q04zB3b5uoonjpdnWKUng0Rut+S0jUPgfVqoI5ec\/koXm2hhTFo1Ov13aKJwvEwTy05K+JcYgqOA170PUcDrCmxcg2IMA6fX1CX1mlws68mxT12OM0c9GfifH8PqvQcDSblBi5HWvOui1Mhz5IMkb+H916HgKnuC+78leKaLFPctOYbreddOdwCqpjqgfdA+t66qPAFyg4NwZmZER6qSmwze3n2n5Ih117bgO0\/Jbaxx1cexdhoGgW2OQAVNxa8gyfr5IvOCoi0F5MaKQpBw\/WyjLFNMrhMI4upnD3THJQlylB90pBHTOqnlQUm265PqpYSNxiXeS862ttB1Wq6T7rJaANYkiSedlZOlW2XU6cMafeOXPuG+3iqFmc24JjjBcoyqsbpPWdGhmAZ8PBc0X2NtPXgtNEjMT2xl8N\/eoKjoNntkkTJjTtI71FXMo4M8Xdw+S2pS13LvYsU8lf9N6VaQRHcFjgIvEweNkHSrAgXPO6lNS\/wzxJt6LoZoq7bzxn00kqJlEk2aZ4mPJSPeXOHXwniURTouc7fYfypJyTbDltRwM6A8N\/Wrzs7QCfFeeMeWVAQCTpHXxKso217MgFh4wCnLIlayOC7Vep7Xc79mQN5c4DwWP2zeJbJ\/inyTuUOSrA9sLpj8wvqPoJCMXWv7oiNbpfh9rPFR7S4FwHva23i06olnwLc9adVtuVGxfS\/wBkcriZF4y8dOISiv0ycTZz+VmoJ6LTr+\/HJTmsJifFUfYmP9s01bxmgyRO69gmeM90B0kg9lt6WqNxYhiWb3DvQ2J2vSaYzd1\/JVGr7R1dlJjg3O11yJAIzcOrRNRsN+UB1UZt7ms9JT1RuD6m2WxaT2fNQu2uSIynrt271XOlGyDQYys2tUcRUaCPhEGToN9gm1Z2ZjTOoPkfmnMaNwxqbTqQCGGBvmB2mEFiNq1QD7Qta0cL89y7omcN1\/kClm3CcnaPJHH\/AEck+Nw7qjA7MMji2L\/vRFo5paNmjMGSJMjSbgTx3pvhXzhabo09ke7ItbRblc541BBHWAW\/6h3ImEvsrlSH\/h7QWG4zaiSIMaa8bKarhaectLZEwPDVS4pxc2Yu0zHVr4z3LWMfYEamSOxFwxLlQ7tiUZ+Dz+axFMxBIBExuWI4w9q41xnU6x6+pRQvr9arFihp9D4dxld1cU9riGuIFtOpbWIicvZp0eph+YvGazteQaR4lMdr+6SG2sNP5iFixaSRnvprHuP2SeOSe0iVUw7\/AJimd\/tP9SxYqJ6S13uzvy+gVXJjF1ANC0z3BYsQKr\/SsfrutjUkCxYppxduhP8A+u\/+f0Csu1\/gb\/L6hYsVfCJ6B\/5zC8\/aeqtlc37FixCoqXTPFPNItJtIMQN3NGk\/qqfV8lixO+yojBn\/AJV3b5pdta9Lsb6rSxICsGf+TH8jfJq42o4w\/t\/oBWliIKFqafhHkUK\/cNwWLEqIWNeYFysWLFBv\/9k=\" alt=\"\"\/><\/figure>\n<\/div>","protected":false},"excerpt":{"rendered":"<p>El origen se situa en el mism\u00edsimo inicio del orden c\u00f3smico. Se dec\u00eda que los primeros juegos se celebraron cuando\u00a0Zeus luch\u00f3 contra su padre Crono\u00a0por&hellip;<\/p>\n","protected":false},"author":1,"featured_media":0,"parent":0,"menu_order":0,"comment_status":"closed","ping_status":"closed","template":"","meta":{"footnotes":""},"class_list":["post-75","page","type-page","status-publish","hentry"],"_links":{"self":[{"href":"https:\/\/ibuicas.iesfuente.com\/index.php?rest_route=\/wp\/v2\/pages\/75","targetHints":{"allow":["GET"]}}],"collection":[{"href":"https:\/\/ibuicas.iesfuente.com\/index.php?rest_route=\/wp\/v2\/pages"}],"about":[{"href":"https:\/\/ibuicas.iesfuente.com\/index.php?rest_route=\/wp\/v2\/types\/page"}],"author":[{"embeddable":true,"href":"https:\/\/ibuicas.iesfuente.com\/index.php?rest_route=\/wp\/v2\/users\/1"}],"replies":[{"embeddable":true,"href":"https:\/\/ibuicas.iesfuente.com\/index.php?rest_route=%2Fwp%2Fv2%2Fcomments&post=75"}],"version-history":[{"count":2,"href":"https:\/\/ibuicas.iesfuente.com\/index.php?rest_route=\/wp\/v2\/pages\/75\/revisions"}],"predecessor-version":[{"id":81,"href":"https:\/\/ibuicas.iesfuente.com\/index.php?rest_route=\/wp\/v2\/pages\/75\/revisions\/81"}],"wp:attachment":[{"href":"https:\/\/ibuicas.iesfuente.com\/index.php?rest_route=%2Fwp%2Fv2%2Fmedia&parent=75"}],"curies":[{"name":"wp","href":"https:\/\/api.w.org\/{rel}","templated":true}]}}